{"id":523,"date":"2020-11-03T10:41:00","date_gmt":"2020-11-03T08:41:00","guid":{"rendered":"http:\/\/levimarket.com\/fi\/?page_id=523"},"modified":"2025-11-28T09:37:37","modified_gmt":"2025-11-28T07:37:37","slug":"aukioloajat","status":"publish","type":"page","link":"https:\/\/levimarket.com\/fi\/aukioloajat\/","title":{"rendered":"Aukioloajat"},"content":{"rendered":"<h1>T\u00e4ss\u00e4 ajantasaiset aukioloaikamme:<\/h1>\n<h4>PALVELEMME 30.4.2026 asti joka p\u00e4iv\u00e4 l\u00e4pi talvisesongin<\/h4>\n<h4>ma-la 7-22 ja sunnuntaisin sek\u00e4 pyh\u00e4p\u00e4ivin\u00e4 klo 9-22.<\/h4>\n<p>LEVIN RUOKAMAAILMA<\/p>\n<p>L\u00e4mpim\u00e4t grillin tuotteet ja meill\u00e4 tehty take away -lounas ma-pe (arkip\u00e4ivin\u00e4) klo 10:30 alkaen.<br \/>\nLis\u00e4ksi valmiiksi pakattuna salaatteja, ruoka-annoksia ja muita palvelutiskin tuotteita l\u00e4pi viikon ja kaupan aukioloaikojen.<br \/>\nPalvelutiski avoinna juhannusviikosta vappuun ma-la 10-18! Vuodenvaihteessa ja kev\u00e4tsesongilla laajemmat aukioloajat.<\/p>\n<p>&nbsp;<\/p>\n<p>APPELSIINIMEHUKONE<\/p>\n<p>Tuoretta appelsiinimehu p\u00e4ivitt\u00e4in! Kone poistuu k\u00e4yt\u00f6st\u00e4 pesuun tuntia ennen kaupan sulkua.<\/p>\n<p>#aukioloajat #aukiolo #levi #ruokakauppa<\/p>\n<p>&nbsp;<\/p>\n<p>TUOREET MEILL\u00c4 PAISTETUT TUOTTEET<\/p>\n<p>Paistamme p\u00e4ivitt\u00e4in tuoreet paistoleiv\u00e4t ja pienemm\u00e4t herkut. Talvisesongilla paistouunille k\u00e4y aamusta iltaan!<\/p>\n<p>ARNOLDS DONITSIT<\/p>\n<p>P\u00e4ivitt\u00e4in klo 11 alkaen. Toukokuussa Donitsitiski on tauolla.<\/p>\n","protected":false},"excerpt":{"rendered":"<p>T\u00e4ss\u00e4 ajantasaiset aukioloaikamme: PALVELEMME 30.4.2026 asti joka p\u00e4iv\u00e4 l\u00e4pi talvisesongin ma-la 7-22 ja sunnuntaisin sek\u00e4 pyh\u00e4p\u00e4ivin\u00e4 klo 9-22. LEVIN RUOKAMAAILMA\u2026<\/p>\n<p class=\"continue-reading-button\"> <a class=\"continue-reading-link\" href=\"https:\/\/levimarket.com\/fi\/aukioloajat\/\"><i class=\"crycon-right-dir\"><\/i><\/a><\/p>\n","protected":false},"author":1,"featured_media":0,"parent":0,"menu_order":1,"comment_status":"closed","ping_status":"closed","template":"","meta":{"footnotes":""},"class_list":["post-523","page","type-page","status-publish","hentry"],"_links":{"self":[{"href":"https:\/\/levimarket.com\/fi\/wp-json\/wp\/v2\/pages\/523","targetHints":{"allow":["GET"]}}],"collection":[{"href":"https:\/\/levimarket.com\/fi\/wp-json\/wp\/v2\/pages"}],"about":[{"href":"https:\/\/levimarket.com\/fi\/wp-json\/wp\/v2\/types\/page"}],"author":[{"embeddable":true,"href":"https:\/\/levimarket.com\/fi\/wp-json\/wp\/v2\/users\/1"}],"replies":[{"embeddable":true,"href":"https:\/\/levimarket.com\/fi\/wp-json\/wp\/v2\/comments?post=523"}],"version-history":[{"count":18,"href":"https:\/\/levimarket.com\/fi\/wp-json\/wp\/v2\/pages\/523\/revisions"}],"predecessor-version":[{"id":725,"href":"https:\/\/levimarket.com\/fi\/wp-json\/wp\/v2\/pages\/523\/revisions\/725"}],"wp:attachment":[{"href":"https:\/\/levimarket.com\/fi\/wp-json\/wp\/v2\/media?parent=523"}],"curies":[{"name":"wp","href":"https:\/\/api.w.org\/{rel}","templated":true}]}}