{"id":418,"date":"2019-10-31T13:13:18","date_gmt":"2019-10-31T11:13:18","guid":{"rendered":"http:\/\/levimarket.com\/fi\/?page_id=418"},"modified":"2025-01-17T09:51:04","modified_gmt":"2025-01-17T07:51:04","slug":"verkkokauppa","status":"publish","type":"page","link":"https:\/\/levimarket.com\/fi\/verkkokauppa\/","title":{"rendered":"Verkkokauppa"},"content":{"rendered":"<p>Levimarketin verkkokauppa palvelee 24\/7 ja tilaukset seuraavalle p\u00e4iv\u00e4lle edellisen\u00e4 arkip\u00e4iv\u00e4n\u00e4 kello 21 menness\u00e4. Tilaa&amp;Nouda -palvelu 9,90.<\/p>\n<p>Verkkokauppatilauksesta perit\u00e4\u00e4n lis\u00e4ksi aina verkkokaupassa mainitut pakkausmateriaalimaksut.<\/p>\n<p>&nbsp;<\/p>\n<p>Ik\u00e4v\u00e4 kyll\u00e4 toimitusyhteisty\u00f6mme on p\u00e4\u00e4ttynyt eik\u00e4 kotiinkuljetusta n\u00e4in ollen meill\u00e4 ei ole tarjota kaudelle 2025.<\/p>\n<p>&nbsp;<\/p>\n<p>T\u00e4rke\u00e4\u00e4 sesonkihuippuina!<\/p>\n<p>Vuoden kiireisin\u00e4 kauppap\u00e4ivin\u00e4 verkkokauppamme on valitettavasti ruuhkautunut. Varmistathan ennen ostoskorin tekoa toivomasi ajankohdan saatavuus!<br \/>\nVerkkokaupan tilausp\u00e4iv\u00e4t avautuvat tilattaviksi aina tasan 4 viikkoa aikaisemmin, p\u00e4\u00e4set muokkaamaan tilaustasi vahvistuspostisi tai K-ruoka-tunnuksillasi mik\u00e4li olet tehnyt tilauksesi niit\u00e4 k\u00e4ytt\u00e4en.<\/p>\n<p><strong>Vuodenvaihteen ruuhkista ja rajallisesta kapasiteetistamme johtuen verkkokauppamme voi olla suljettuna vuoden kiireisimpin\u00e4 kauppap\u00e4ivin\u00e4. <\/strong><\/p>\n<p>Myym\u00e4l\u00e4mme palvelee laajasti ja teemme kaikkemme sujuvaan asiointiin myym\u00e4l\u00e4ss\u00e4 vuoden jokaisena p\u00e4iv\u00e4n\u00e4. \ud83d\ude42<br \/>\nAukioloaikamme l\u00f6yd\u00e4t <a href=\"https:\/\/levimarket.com\/fi\/aukioloajat\/\">t\u00e4st\u00e4.<\/a><\/p>\n<p><a href=\"https:\/\/www.k-ruoka.fi\/kauppa\/k-supermarket-levi\">T\u00e4st\u00e4 p\u00e4\u00e4set Levimarketin verkkokauppaan osoitteessa k-ruoka.fi\/kauppa\/k-supermarket-levi<\/a><\/p>\n<p><img loading=\"lazy\" decoding=\"async\" class=\"aligncenter size-full wp-image-427\" src=\"https:\/\/levimarket.com\/fi\/wp-content\/uploads\/sites\/2\/2019\/10\/Online-Medium-660x-Verkkokauppa-2019-some-materiaali-ruokakori-1080x1080.png\" alt=\"Online Medium 660x-Verkkokauppa 2019 some-materiaali ruokakori 1080x1080\" width=\"660\" height=\"660\" srcset=\"https:\/\/levimarket.com\/fi\/wp-content\/uploads\/sites\/2\/2019\/10\/Online-Medium-660x-Verkkokauppa-2019-some-materiaali-ruokakori-1080x1080.png 660w, https:\/\/levimarket.com\/fi\/wp-content\/uploads\/sites\/2\/2019\/10\/Online-Medium-660x-Verkkokauppa-2019-some-materiaali-ruokakori-1080x1080-150x150.png 150w, https:\/\/levimarket.com\/fi\/wp-content\/uploads\/sites\/2\/2019\/10\/Online-Medium-660x-Verkkokauppa-2019-some-materiaali-ruokakori-1080x1080-300x300.png 300w, https:\/\/levimarket.com\/fi\/wp-content\/uploads\/sites\/2\/2019\/10\/Online-Medium-660x-Verkkokauppa-2019-some-materiaali-ruokakori-1080x1080-318x318.png 318w\" sizes=\"auto, (max-width: 660px) 100vw, 660px\" \/><\/p>\n","protected":false},"excerpt":{"rendered":"<p>Levimarketin verkkokauppa palvelee 24\/7 ja tilaukset seuraavalle p\u00e4iv\u00e4lle edellisen\u00e4 arkip\u00e4iv\u00e4n\u00e4 kello 21 menness\u00e4. Tilaa&amp;Nouda -palvelu 9,90. Verkkokauppatilauksesta perit\u00e4\u00e4n lis\u00e4ksi aina\u2026<\/p>\n<p class=\"continue-reading-button\"> <a class=\"continue-reading-link\" href=\"https:\/\/levimarket.com\/fi\/verkkokauppa\/\"><i class=\"crycon-right-dir\"><\/i><\/a><\/p>\n","protected":false},"author":1,"featured_media":0,"parent":0,"menu_order":0,"comment_status":"closed","ping_status":"closed","template":"","meta":{"footnotes":""},"class_list":["post-418","page","type-page","status-publish","hentry"],"_links":{"self":[{"href":"https:\/\/levimarket.com\/fi\/wp-json\/wp\/v2\/pages\/418","targetHints":{"allow":["GET"]}}],"collection":[{"href":"https:\/\/levimarket.com\/fi\/wp-json\/wp\/v2\/pages"}],"about":[{"href":"https:\/\/levimarket.com\/fi\/wp-json\/wp\/v2\/types\/page"}],"author":[{"embeddable":true,"href":"https:\/\/levimarket.com\/fi\/wp-json\/wp\/v2\/users\/1"}],"replies":[{"embeddable":true,"href":"https:\/\/levimarket.com\/fi\/wp-json\/wp\/v2\/comments?post=418"}],"version-history":[{"count":18,"href":"https:\/\/levimarket.com\/fi\/wp-json\/wp\/v2\/pages\/418\/revisions"}],"predecessor-version":[{"id":686,"href":"https:\/\/levimarket.com\/fi\/wp-json\/wp\/v2\/pages\/418\/revisions\/686"}],"wp:attachment":[{"href":"https:\/\/levimarket.com\/fi\/wp-json\/wp\/v2\/media?parent=418"}],"curies":[{"name":"wp","href":"https:\/\/api.w.org\/{rel}","templated":true}]}}