{"id":179,"date":"2016-08-16T14:53:20","date_gmt":"2016-08-16T11:53:20","guid":{"rendered":"http:\/\/levimarket.com\/fi\/?page_id=179"},"modified":"2025-04-11T10:18:10","modified_gmt":"2025-04-11T07:18:10","slug":"tuoretta-aina","status":"publish","type":"page","link":"https:\/\/levimarket.com\/fi\/tuoretta-aina\/","title":{"rendered":"Tuoretta aina!"},"content":{"rendered":"<p>Levimarketista l\u00f6ytyy &#8211; Taatusti tuoretta ja laadukasta!<\/p>\n<p>&nbsp;<\/p>\n<p>Tiesith\u00e4n, ett\u00e4 laajaan valikoimaan on helppo tehd\u00e4 lis\u00e4toiveita? Arvostamme asiakaspalautetta ja asiakastoiveita.<\/p>\n<p>Ota yhteytt\u00e4 henkil\u00f6kuntaamme, yhteystiedot l\u00f6yd\u00e4t <a href=\"https:\/\/levimarket.com\/fi\/kartta-ja-yhteystiedot\/\">t\u00e4\u00e4lt\u00e4.<\/a><\/p>\n<p>&nbsp;<\/p>\n<p><strong>Hevi<\/strong> on kauppamme t\u00e4rkein osasto jonka laatua ja valikoimaa vaalimme huollella! Hevi-osastolta l\u00f6yd\u00e4t my\u00f6s runsaan ja ajankohtaisen kukkap\u00f6yt\u00e4mme sek\u00e4 appelsiinimehukoneen.<\/p>\n<p>Meilt\u00e4 l\u00f6yd\u00e4t <strong>laajan paistopisteen<\/strong> suolaisine ja makeine tuotteineen, meill\u00e4 paistetut leiv\u00e4t sek\u00e4 Arnolds donitsit.<\/p>\n<p><strong>Leip\u00e4<\/strong>osastolla kattava valikoima my\u00f6s gluteenittomien tuotteiden osalta ja kaikkien leipomoiden toimitusp\u00e4iv\u00e4t ovat esill\u00e4 myym\u00e4l\u00e4ss\u00e4. Gluteenittomia tuotteita, kakkuja juhliin ym. on mahdollista varata etuk\u00e4teen, soita leip\u00e4osastolle <a href=\"https:\/\/levimarket.com\/fi\/kartta-ja-yhteystiedot\/\">t\u00e4\u00e4lt\u00e4<\/a> l\u00f6ytyv\u00e4\u00e4n numeroon.<\/p>\n<p>Levin Ruokamaailma <strong>palvelutiskin<\/strong> palvelumyynteineen avoinna juhannuksesta vappuun. Tiskist\u00e4 l\u00f6yd\u00e4t tuoreet kalat ja lihat sek\u00e4 lapin herkut! Ymp\u00e4ri vuoden Levin Ruokamaailma valmistelee pakatut ruoat kylm\u00e4kaappiin sek\u00e4 l\u00e4mpim\u00e4t pakatut lounasannokset ma-pe..<\/p>\n<p>&nbsp;<\/p>\n","protected":false},"excerpt":{"rendered":"<p>Levimarketista l\u00f6ytyy &#8211; Taatusti tuoretta ja laadukasta! &nbsp; Tiesith\u00e4n, ett\u00e4 laajaan valikoimaan on helppo tehd\u00e4 lis\u00e4toiveita? Arvostamme asiakaspalautetta ja asiakastoiveita.\u2026<\/p>\n<p class=\"continue-reading-button\"> <a class=\"continue-reading-link\" href=\"https:\/\/levimarket.com\/fi\/tuoretta-aina\/\"><i class=\"crycon-right-dir\"><\/i><\/a><\/p>\n","protected":false},"author":1,"featured_media":63,"parent":0,"menu_order":0,"comment_status":"closed","ping_status":"closed","template":"","meta":{"footnotes":""},"class_list":["post-179","page","type-page","status-publish","has-post-thumbnail","hentry"],"_links":{"self":[{"href":"https:\/\/levimarket.com\/fi\/wp-json\/wp\/v2\/pages\/179","targetHints":{"allow":["GET"]}}],"collection":[{"href":"https:\/\/levimarket.com\/fi\/wp-json\/wp\/v2\/pages"}],"about":[{"href":"https:\/\/levimarket.com\/fi\/wp-json\/wp\/v2\/types\/page"}],"author":[{"embeddable":true,"href":"https:\/\/levimarket.com\/fi\/wp-json\/wp\/v2\/users\/1"}],"replies":[{"embeddable":true,"href":"https:\/\/levimarket.com\/fi\/wp-json\/wp\/v2\/comments?post=179"}],"version-history":[{"count":2,"href":"https:\/\/levimarket.com\/fi\/wp-json\/wp\/v2\/pages\/179\/revisions"}],"predecessor-version":[{"id":697,"href":"https:\/\/levimarket.com\/fi\/wp-json\/wp\/v2\/pages\/179\/revisions\/697"}],"wp:featuredmedia":[{"embeddable":true,"href":"https:\/\/levimarket.com\/fi\/wp-json\/wp\/v2\/media\/63"}],"wp:attachment":[{"href":"https:\/\/levimarket.com\/fi\/wp-json\/wp\/v2\/media?parent=179"}],"curies":[{"name":"wp","href":"https:\/\/api.w.org\/{rel}","templated":true}]}}