{"id":124,"date":"2016-06-23T15:20:46","date_gmt":"2016-06-23T12:20:46","guid":{"rendered":"http:\/\/levimarket.com\/fi\/?page_id=124"},"modified":"2016-08-17T16:01:55","modified_gmt":"2016-08-17T13:01:55","slug":"erikoisruokavaliot","status":"publish","type":"page","link":"https:\/\/levimarket.com\/fi\/erikoisruokavaliot\/","title":{"rendered":"Erikoisruokavaliot"},"content":{"rendered":"<p>Myym\u00e4l\u00e4ss\u00e4mme on otettu huomioon my\u00f6s erikoisruokavalioasiakkaat. Gluteenittomat, sokeroimattomat ja laktoosittomat tuotteet on merkitty selke\u00e4sti myym\u00e4l\u00e4\u00e4mme, jotta l\u00f6yd\u00e4t tarvitsemasi nopeasti ilman etsimist\u00e4.<\/p>\n<p><img loading=\"lazy\" decoding=\"async\" class=\"size-full wp-image-125 alignnone\" src=\"https:\/\/levimarket.com\/fi\/wp-content\/uploads\/sites\/2\/2016\/06\/erikoisruoka.jpg\" alt=\"erikoisruoka\" width=\"647\" height=\"432\" srcset=\"https:\/\/levimarket.com\/fi\/wp-content\/uploads\/sites\/2\/2016\/06\/erikoisruoka.jpg 647w, https:\/\/levimarket.com\/fi\/wp-content\/uploads\/sites\/2\/2016\/06\/erikoisruoka-300x200.jpg 300w, https:\/\/levimarket.com\/fi\/wp-content\/uploads\/sites\/2\/2016\/06\/erikoisruoka-150x100.jpg 150w\" sizes=\"auto, (max-width: 647px) 100vw, 647px\" \/><\/p>\n<p>Valikoimassamme on pakastettuja gluteenittomia leip\u00e4tuotteita Moilaselta ja Semperilt\u00e4.<br \/>\n<a href=\"http:\/\/www.vuohelanherkku.fi\/tuotteet.php\" target=\"_blank\">Vuohelan herkun<\/a> tuoreet gluteenittomat tuotteet toimitetaan myym\u00e4l\u00e4\u00e4mme joka torstai klo 12:00 j\u00e4lkeen; leipi\u00e4, pikkuleipi\u00e4, pullaa, pikkusuolaisia, kahvikakkuja ja kakkupohjia.<\/p>\n<p>&nbsp;<\/p>\n<p>Superfoodeja meill\u00e4 on hyllynp\u00e4\u00e4dyllinen, mist\u00e4 l\u00f6yd\u00e4t p\u00e4\u00e4osin Puhdistamon tuotteita, my\u00f6s mustan sarjan tuotteet.<\/p>\n<p>Otathan yhteytt\u00e4 mik\u00e4li valikoimistamme puuttuu jokin t\u00e4rke\u00e4 tuote, laajennamme valikoimaamme mielell\u00e4mme!<\/p>\n","protected":false},"excerpt":{"rendered":"<p>Myym\u00e4l\u00e4ss\u00e4mme on otettu huomioon my\u00f6s erikoisruokavalioasiakkaat. Gluteenittomat, sokeroimattomat ja laktoosittomat tuotteet on merkitty selke\u00e4sti myym\u00e4l\u00e4\u00e4mme, jotta l\u00f6yd\u00e4t tarvitsemasi nopeasti ilman\u2026<\/p>\n<p class=\"continue-reading-button\"> <a class=\"continue-reading-link\" href=\"https:\/\/levimarket.com\/fi\/erikoisruokavaliot\/\"><i class=\"crycon-right-dir\"><\/i><\/a><\/p>\n","protected":false},"author":1,"featured_media":0,"parent":0,"menu_order":8,"comment_status":"closed","ping_status":"closed","template":"","meta":{"footnotes":""},"class_list":["post-124","page","type-page","status-publish","hentry"],"_links":{"self":[{"href":"https:\/\/levimarket.com\/fi\/wp-json\/wp\/v2\/pages\/124","targetHints":{"allow":["GET"]}}],"collection":[{"href":"https:\/\/levimarket.com\/fi\/wp-json\/wp\/v2\/pages"}],"about":[{"href":"https:\/\/levimarket.com\/fi\/wp-json\/wp\/v2\/types\/page"}],"author":[{"embeddable":true,"href":"https:\/\/levimarket.com\/fi\/wp-json\/wp\/v2\/users\/1"}],"replies":[{"embeddable":true,"href":"https:\/\/levimarket.com\/fi\/wp-json\/wp\/v2\/comments?post=124"}],"version-history":[{"count":3,"href":"https:\/\/levimarket.com\/fi\/wp-json\/wp\/v2\/pages\/124\/revisions"}],"predecessor-version":[{"id":203,"href":"https:\/\/levimarket.com\/fi\/wp-json\/wp\/v2\/pages\/124\/revisions\/203"}],"wp:attachment":[{"href":"https:\/\/levimarket.com\/fi\/wp-json\/wp\/v2\/media?parent=124"}],"curies":[{"name":"wp","href":"https:\/\/api.w.org\/{rel}","templated":true}]}}